{"id":11,"date":"2023-08-07T20:03:55","date_gmt":"2023-08-07T20:03:55","guid":{"rendered":"https:\/\/krsnachaitanya.com\/?page_id=11"},"modified":"2025-06-26T21:07:16","modified_gmt":"2025-06-26T21:07:16","slug":"krsnachaitanya-com","status":"publish","type":"page","link":"https:\/\/krsnachaitanya.com\/","title":{"rendered":"Lord Chaitanya and His Teachings"},"content":{"rendered":"<p><div class=\"et_pb_with_border et_d4_element et_pb_section et_pb_section_0 et_pb_section_parallax et_pb_with_background  et_pb_css_mix_blend_mode et_section_regular et_block_section\" >\n\t\t\t\t\n\t\t\t\t<span class=\"et_parallax_bg_wrap et-pb-parallax-wrapper\"><span\n\t\t\t\t\t\tclass=\"et_parallax_bg et_parallax_bg--et_pb_section_0\"\n\t\t\t\t\t\tstyle=\"background-image: url(https:\/\/krsnachaitanya.com\/wp-content\/uploads\/2023\/08\/ebook-17-1.png);\"\n\t\t\t\t\t><\/span><\/span>\n\t\t\t\t\n\t\t\t\t\n\t\t\t\t\n\t\t\t\t\n\t\t\t\t<div class=\"et_d4_element et_pb_row et_pb_row_0 et_pb_gutters4  et_pb_css_mix_blend_mode et_block_row\">\n\t\t\t\t<div class=\"et_d4_element et_pb_column_1_2 et_pb_column et_pb_column_0  et_pb_css_mix_blend_mode et_block_column\">\n\t\t\t\t\n\t\t\t\t\n\t\t\t\t\n\t\t\t\t\n\t\t\t\t<div class=\"et_pb_module et_d4_element et_pb_text et_pb_text_0 et_clickable  et_pb_text_align_left et_pb_bg_layout_light\">\n\t\t\t\t\n\t\t\t\t\n\t\t\t\t\n\t\t\t\t\n\t\t\t\t<div class=\"et_pb_text_inner\"><h1><em><span style=\"color: #e88f00;\"><strong>Lord Chaitanya and His Teachings<\/strong><\/span><\/em><\/h1>\n<p>&nbsp;<\/p>\n<p><span style=\"font-weight: 400;\">Discover the profound teachings and divine pastimes of Lord Chaitanya Mahaprabhu in this enlightening book. <\/span><span style=\"font-weight: 400;\">Lord Chaitanya Mahaprabhu is the Supreme God, Lord Sri Krsna Himself, and appeared about five hundred years ago as His own devotee.<\/span><\/p>\n<p><span style=\"font-weight: 400;\">Immerse yourself in spiritual teachings that He has graciously bestowed upon the seekers of this world. Explore the essence of Vedic knowledge, encapsulating the wisdom of the Vedas, Puranas, Itihasas, and Upanishads, all within this single, accessible text.<\/span><\/p>\n<p><span style=\"font-weight: 400;\">Seekers of truth, practitioners of spiritual life, scholars of Vedic scriptures, and anyone curious about life's ultimate reality will find this book a treasure trove of insights for liberation from the material world. Written in a simple, engaging manner, the knowledge within these pages appeals to both the learned and the curious.\u00a0<\/span><\/p>\n<p><span style=\"font-weight: 400;\">Experience the relief of finding clear guidance and the joy of connection with the Supreme Person. Those who have broad intellect and have interest to cultvate spiritual knowledge impartally (without bias) will easily attain the required knowledge from this book to receive self realization within this life. The teachings of Lord Chaitanya are so perfect, appealing, and transcendentally saturated that sincerely reading them will relieve one from the entanglement of karma and various ambiguous doctrines and false opinions.<\/span><\/p>\n<p>Unlock the mysteries of Lord <span style=\"font-weight: 400;\">Chaitanya Mahaprabhu <\/span>and embark on a transformative journey today.<span style=\"font-size: 18px;\">\u00a0<\/span><\/p>\n<p><span style=\"font-weight: 400;\"><\/span><\/p><\/div>\n\t\t\t<\/div><div class=\"et_pb_button_module_wrapper et_pb_button_0_wrapper et_pb_button_alignment_center et_pb_module \">\n\t\t\t\t<a class=\"et_pb_button et_d4_element et_pb_button_0 et_pb_bg_layout_light et_block_module\" href=\"https:\/\/www.krsna.org\/product\/lord-chaitanya-and-his-teachings\/\">Order Here<\/a>\n\t\t\t<\/div>\n\t\t\t<\/div><div class=\"et_d4_element et_pb_column_1_2 et_pb_column et_pb_column_1  et_pb_css_mix_blend_mode et-last-child et_block_column\">\n\t\t\t\t\n\t\t\t\t\n\t\t\t\t\n\t\t\t\t\n\t\t\t\t<div class=\"et_pb_module et_d4_element et_pb_image et_pb_image_0\">\n\t\t\t\t\n\t\t\t\t\n\t\t\t\t\n\t\t\t\t\n\t\t\t\t<span class=\"et_pb_image_wrap has-box-shadow-overlay\"><div class=\"box-shadow-overlay\"><\/div><img alt=\"Lord Chaitanya Mahaprabhu\" alt=\"Lord Chaitanya Mahaprabhu\" decoding=\"async\" width=\"600\" height=\"928\" src=\"https:\/\/krsnachaitanya.com\/wp-content\/uploads\/2023\/08\/IMG-20230409-WA0008-600x928-1.jpg\" alt=\"\" title=\"IMG-20230409-WA0008-600x928\" srcset=\"https:\/\/krsnachaitanya.com\/wp-content\/uploads\/2023\/08\/IMG-20230409-WA0008-600x928-1.jpg 600w, https:\/\/krsnachaitanya.com\/wp-content\/uploads\/2023\/08\/IMG-20230409-WA0008-600x928-1-480x742.jpg 480w\" sizes=\"(min-width: 0px) and (max-width: 480px) 480px, (min-width: 481px) 600px, 100vw\" class=\"wp-image-32\" \/><\/span>\n\t\t\t<\/div>\n\t\t\t<\/div>\n\t\t\t\t\n\t\t\t\t\n\t\t\t\t\n\t\t\t\t\n\t\t\t<\/div>\n\t\t\t\t\n\t\t\t\t\n\t\t\t<\/div><div class=\"et_d4_element et_pb_section et_pb_section_1  et_pb_css_mix_blend_mode et_section_regular et_block_section\" >\n\t\t\t\t\n\t\t\t\t\n\t\t\t\t\n\t\t\t\t\n\t\t\t\t\n\t\t\t\t\n\t\t\t\t\n\t\t\t\t\n\t\t\t\t\n\t\t\t<\/div><div class=\"et_d4_element et_pb_section et_pb_section_2  et_pb_css_mix_blend_mode et_section_regular et_block_section\" >\n\t\t\t\t\n\t\t\t\t\n\t\t\t\t\n\t\t\t\t\n\t\t\t\t\n\t\t\t\t\n\t\t\t\t<div class=\"et_d4_element et_pb_row et_pb_row_1  et_pb_css_mix_blend_mode et_block_row\">\n\t\t\t\t<div class=\"et_d4_element et_pb_column_1_2 et_pb_column et_pb_column_2  et_pb_css_mix_blend_mode et_block_column\">\n\t\t\t\t\n\t\t\t\t\n\t\t\t\t\n\t\t\t\t\n\t\t\t\t<div class=\"et_pb_module et_d4_element et_pb_image et_pb_image_1\">\n\t\t\t\t\n\t\t\t\t\n\t\t\t\t\n\t\t\t\t\n\t\t\t\t<span class=\"et_pb_image_wrap \"><img alt=\"\" alt=\"\" decoding=\"async\" width=\"50\" height=\"50\" src=\"https:\/\/krsnachaitanya.com\/wp-content\/uploads\/2023\/08\/author-icon-06-4.png\" alt=\"\" title=\"\" class=\"wp-image-15\" \/><\/span>\n\t\t\t<\/div><div class=\"et_pb_module et_d4_element et_pb_text et_pb_text_1  et_pb_text_align_left et_pb_bg_layout_light\">\n\t\t\t\t\n\t\t\t\t\n\t\t\t\t\n\t\t\t\t\n\t\t\t\t<div class=\"et_pb_text_inner\"><h2>About the author.<\/h2><\/div>\n\t\t\t<\/div><div class=\"et_pb_module et_d4_element et_pb_image et_pb_image_2\">\n\t\t\t\t\n\t\t\t\t\n\t\t\t\t\n\t\t\t\t\n\t\t\t\t<span class=\"et_pb_image_wrap \"><img alt=\"\" alt=\"\" decoding=\"async\" width=\"960\" height=\"636\" src=\"https:\/\/krsnachaitanya.com\/wp-content\/uploads\/2023\/08\/12373270_10153779595945420_5482595686006951160_n.jpg\" alt=\"\" title=\"12373270_10153779595945420_5482595686006951160_n\" srcset=\"https:\/\/krsnachaitanya.com\/wp-content\/uploads\/2023\/08\/12373270_10153779595945420_5482595686006951160_n.jpg 960w, https:\/\/krsnachaitanya.com\/wp-content\/uploads\/2023\/08\/12373270_10153779595945420_5482595686006951160_n-480x318.jpg 480w\" sizes=\"(min-width: 0px) and (max-width: 480px) 480px, (min-width: 481px) 960px, 100vw\" class=\"wp-image-45\" \/><\/span>\n\t\t\t<\/div>\n\t\t\t<\/div><div class=\"et_d4_element et_pb_column_1_2 et_pb_column et_pb_column_3  et_pb_css_mix_blend_mode et-last-child et_block_column\">\n\t\t\t\t\n\t\t\t\t\n\t\t\t\t\n\t\t\t\t\n\t\t\t\t<div class=\"et_pb_module et_d4_element et_pb_text et_pb_text_2  et_pb_text_align_justified et_pb_bg_layout_light\">\n\t\t\t\t\n\t\t\t\t\n\t\t\t\t\n\t\t\t\t\n\t\t\t\t<div class=\"et_pb_text_inner\"><p><span style=\"font-weight: 400;\">His Divine Grace Jagadguru \u015ar\u012b K\u1e5b\u1e63\u1e47a Chaitanya M\u0101dhvagau\u1e0deshwar\u0101ch\u0101rya \u015ar\u012bp\u0101da K\u1e5b\u1e63\u1e47a Balar\u0101m Sw\u0101m\u012bj\u012b Mah\u0101r\u0101j Prabhup\u0101da, is a leading global ambassador of Vedic culture for nearly 50 years, has translated sacred texts like Srimad Bhagavad Gita and Srimad Bhagavatam. As a special honor, he is the first Vaisnava Guru to translate and give commentary on the Vedanta Sutra in over 200 years. Honored as Jagadguru at the 2025 Mahakumbh Mela, his legacy includes the stunning red-stone temple in Vrindavan, a testament to ancient Vedic artistry, hewn from red stone and crafted by the exquisite techniques of ancient artisans. Learn more at <\/span><a href=\"http:\/\/www.krsna.org\/\"><span style=\"font-weight: 400;\">www.krsna.org<\/span><\/a><span style=\"font-weight: 400;\">.<\/span><\/p><\/div>\n\t\t\t<\/div><ul class=\"et_pb_module et_d4_element et_pb_social_media_follow et_pb_social_media_follow_0 clearfix  et_pb_bg_layout_light\">\n\t\t\t\t\n\t\t\t\t\n\t\t\t\t\n\t\t\t\t\n\t\t\t\t<li\n            class='et_d4_element et_pb_social_media_follow_network_0 et_pb_social_icon et_block_module et_pb_social_network_link  et-social-facebook et_pb_social_media_follow_network'><a\n              href='#'\n              class='icon et_pb_with_border'\n              title='Follow on Facebook'\n               target=\"_blank\"><span\n                class='et_pb_social_media_follow_network_name'\n                aria-hidden='true'\n                >Follow<\/span><\/a><\/li><li\n            class='et_d4_element et_pb_social_media_follow_network_1 et_pb_social_icon et_block_module et_pb_social_network_link  et-social-youtube et_pb_social_media_follow_network'><a\n              href='https:\/\/www.youtube.com\/@bhagavatdharmasamaj'\n              class='icon et_pb_with_border'\n              title='Follow on Youtube'\n               target=\"_blank\"><span\n                class='et_pb_social_media_follow_network_name'\n                aria-hidden='true'\n                >Follow<\/span><\/a><\/li>\n\t\t\t<\/ul>\n\t\t\t<\/div>\n\t\t\t\t\n\t\t\t\t\n\t\t\t\t\n\t\t\t\t\n\t\t\t<\/div>\n\t\t\t\t\n\t\t\t\t\n\t\t\t<\/div><div class=\"et_pb_with_border et_d4_element et_pb_section et_pb_section_3  et_pb_css_mix_blend_mode et_section_regular et_block_section\" >\n\t\t\t\t\n\t\t\t\t\n\t\t\t\t\n\t\t\t\t\n\t\t\t\t\n\t\t\t\t\n\t\t\t\t<div class=\"et_d4_element et_pb_row et_pb_row_2  et_pb_css_mix_blend_mode et_block_row\">\n\t\t\t\t<div class=\"et_d4_element et_pb_column_1_3 et_pb_column et_pb_column_4  et_pb_css_mix_blend_mode et_block_column\">\n\t\t\t\t\n\t\t\t\t\n\t\t\t\t\n\t\t\t\t\n\t\t\t\t<div class=\"et_pb_module et_d4_element et_pb_image et_pb_image_3\">\n\t\t\t\t\n\t\t\t\t\n\t\t\t\t\n\t\t\t\t\n\t\t\t\t<span class=\"et_pb_image_wrap \"><img alt=\"\" alt=\"\" decoding=\"async\" width=\"50\" height=\"50\" src=\"https:\/\/krsnachaitanya.com\/wp-content\/uploads\/2023\/08\/author-icon-05-4.png\" alt=\"\" title=\"\" class=\"wp-image-24\" \/><\/span>\n\t\t\t<\/div><div class=\"et_pb_module et_d4_element et_pb_text et_pb_text_3  et_pb_text_align_left et_pb_bg_layout_light\">\n\t\t\t\t\n\t\t\t\t\n\t\t\t\t\n\t\t\t\t\n\t\t\t\t\n\t\t\t<\/div>\n\t\t\t<\/div><div class=\"et_d4_element et_pb_column_1_3 et_pb_column et_pb_column_5  et_pb_css_mix_blend_mode et_block_column\">\n\t\t\t\t\n\t\t\t\t\n\t\t\t\t\n\t\t\t\t\n\t\t\t\t<div class=\"et_pb_button_module_wrapper et_pb_button_1_wrapper et_pb_button_alignment_center et_pb_module \">\n\t\t\t\t<a class=\"et_pb_button et_d4_element et_pb_button_1 et_hover_enabled et_pb_bg_layout_dark et_block_module\" href=\"https:\/\/www.krsna.org\/product\/lord-chaitanya-and-his-teachings\/\">Order your copy here<\/a>\n\t\t\t<\/div>\n\t\t\t<\/div><div class=\"et_d4_element et_pb_column_1_3 et_pb_column et_pb_column_6  et_pb_css_mix_blend_mode et-last-child et_block_column et_pb_column_empty\">\n\t\t\t\t\n\t\t\t\t\n\t\t\t\t\n\t\t\t\t\n\t\t\t\t\n\t\t\t<\/div>\n\t\t\t\t\n\t\t\t\t\n\t\t\t\t\n\t\t\t\t\n\t\t\t<\/div>\n\t\t\t\t\n\t\t\t\t\n\t\t\t<\/div><\/p>\n","protected":false},"excerpt":{"rendered":"<p>Lord Chaitanya Mahaprabhu<\/p>\n","protected":false},"author":1,"featured_media":32,"parent":0,"menu_order":0,"comment_status":"closed","ping_status":"closed","template":"page-template-blank.php","meta":{"_seopress_robots_primary_cat":"0","_seopress_titles_title":"","_seopress_titles_desc":"Explore the divine teachings of Lord Chaitanya, the Golden Avatar. Dive deep into Gaudiya Vaishnavism, Hare Krsna Mantra, and the path of devotion Bhakti yoga","_seopress_robots_index":"","_monsterinsights_skip_tracking":false,"_monsterinsights_sitenote_active":false,"_monsterinsights_sitenote_note":"","_monsterinsights_sitenote_category":0,"_et_pb_use_builder":"on","_et_pb_old_content":"","_et_gb_content_width":"","footnotes":""},"class_list":["post-11","page","type-page","status-publish","has-post-thumbnail","hentry"],"_links":{"self":[{"href":"https:\/\/krsnachaitanya.com\/index.php\/wp-json\/wp\/v2\/pages\/11","targetHints":{"allow":["GET"]}}],"collection":[{"href":"https:\/\/krsnachaitanya.com\/index.php\/wp-json\/wp\/v2\/pages"}],"about":[{"href":"https:\/\/krsnachaitanya.com\/index.php\/wp-json\/wp\/v2\/types\/page"}],"author":[{"embeddable":true,"href":"https:\/\/krsnachaitanya.com\/index.php\/wp-json\/wp\/v2\/users\/1"}],"replies":[{"embeddable":true,"href":"https:\/\/krsnachaitanya.com\/index.php\/wp-json\/wp\/v2\/comments?post=11"}],"version-history":[{"count":50,"href":"https:\/\/krsnachaitanya.com\/index.php\/wp-json\/wp\/v2\/pages\/11\/revisions"}],"predecessor-version":[{"id":131,"href":"https:\/\/krsnachaitanya.com\/index.php\/wp-json\/wp\/v2\/pages\/11\/revisions\/131"}],"wp:featuredmedia":[{"embeddable":true,"href":"https:\/\/krsnachaitanya.com\/index.php\/wp-json\/wp\/v2\/media\/32"}],"wp:attachment":[{"href":"https:\/\/krsnachaitanya.com\/index.php\/wp-json\/wp\/v2\/media?parent=11"}],"curies":[{"name":"wp","href":"https:\/\/api.w.org\/{rel}","templated":true}]}}